{"id":13057,"date":"2023-01-06T16:44:14","date_gmt":"2023-01-06T15:44:14","guid":{"rendered":"https:\/\/docs.kentix.com\/manuels-de-materiel-kentix\/"},"modified":"2026-04-28T12:49:30","modified_gmt":"2026-04-28T10:49:30","slug":"manuels-de-materiel-kentix","status":"publish","type":"page","link":"https:\/\/docs.kentix.com\/fr\/","title":{"rendered":"Manuels de mat\u00e9riel Kentix"},"content":{"rendered":"\n<!-- .hkb-archive -->\n\n<ul class=\"hkb-archive  hkb-archive--2cols hkb-archive--marginb\">\n                <li>\n\n        <div class=\"hkb-category  hkb-category--boxed hkb-category--withdesc hkb-category--style7 hkb-category--withicon hkb-category--260\">\n\n        \n        <a \n            class=\"hkb-category__link\" \n            href=\"https:\/\/docs.kentix.com\/fr\/article-categories\/plate-forme-kentixone\/\"\n                    >\n        \n                            <div class=\"hkb-category__iconwrap\"><img decoding=\"async\" src=\"https:\/\/docs.kentix.com\/wp-content\/uploads\/2025\/12\/KONE-Laptop-e1765190669872-48x50.png\" class=\"hkb-category__icon\" alt=\"Plate-forme KentixONE\" \/><\/div>\n            \n            <div class=\"hkb-category__content\">\n                \n                <h2 class=\"hkb-category__title\">\n                    Plate-forme KentixONE                                    <\/h2>\n\n                                    <div class=\"hkb-category__description\">Appliance mat\u00e9rielle SiteManager ou conteneur Docker<\/div>\n                \n                \n                \n            <\/div>\n\n         \n            <\/a>\n                <\/div>                 \n\n    <\/li>\n                <li>\n\n        <div class=\"hkb-category  hkb-category--boxed hkb-category--withdesc hkb-category--style7 hkb-category--withicon hkb-category--253\">\n\n        \n        <a \n            class=\"hkb-category__link\" \n            href=\"https:\/\/docs.kentix.com\/fr\/article-categories\/fiches-techniques-sur-le-materiel\/\"\n                    >\n        \n                            <div class=\"hkb-category__iconwrap\"><img decoding=\"async\" src=\"https:\/\/docs.kentix.com\/wp-content\/uploads\/2023\/01\/kentix-icon-RGB-dokumente.svg\" class=\"hkb-category__icon\" alt=\"Fiches techniques sur le mat\u00e9riel\" \/><\/div>\n            \n            <div class=\"hkb-category__content\">\n                \n                <h2 class=\"hkb-category__title\">\n                    Fiches techniques sur le mat\u00e9riel                                    <\/h2>\n\n                                    <div class=\"hkb-category__description\">Sp\u00e9cifications techniques et d\u00e9tails<\/div>\n                \n                \n                \n            <\/div>\n\n         \n            <\/a>\n                <\/div>                 \n\n    <\/li>\n                <li>\n\n        <div class=\"hkb-category  hkb-category--boxed hkb-category--withdesc hkb-category--style7 hkb-category--withicon hkb-category--284\">\n\n        \n        <a \n            class=\"hkb-category__link\" \n            href=\"https:\/\/docs.kentix.com\/fr\/article-categories\/smartaccess\/\"\n                    >\n        \n                            <div class=\"hkb-category__iconwrap\"><img decoding=\"async\" src=\"https:\/\/docs.kentix.com\/wp-content\/uploads\/2023\/01\/kentix-icon-RGB-rz-vorab_smart-access.svg\" class=\"hkb-category__icon\" alt=\"SmartAccess\" \/><\/div>\n            \n            <div class=\"hkb-category__content\">\n                \n                <h2 class=\"hkb-category__title\">\n                    SmartAccess                                    <\/h2>\n\n                                    <div class=\"hkb-category__description\">Comprendre et installer un syst\u00e8me de contr\u00f4le d&#039;acc\u00e8s<\/div>\n                \n                \n                \n            <\/div>\n\n         \n            <\/a>\n                <\/div>                 \n\n    <\/li>\n                <li>\n\n        <div class=\"hkb-category  hkb-category--boxed hkb-category--withdesc hkb-category--style7 hkb-category--withicon hkb-category--285\">\n\n        \n        <a \n            class=\"hkb-category__link\" \n            href=\"https:\/\/docs.kentix.com\/fr\/article-categories\/smartmonitoring\/\"\n                    >\n        \n                            <div class=\"hkb-category__iconwrap\"><img decoding=\"async\" src=\"https:\/\/docs.kentix.com\/wp-content\/uploads\/2023\/01\/kentix-icon-RGB-rz-vorab_klima.svg\" class=\"hkb-category__icon\" alt=\"SmartMonitoring\" \/><\/div>\n            \n            <div class=\"hkb-category__content\">\n                \n                <h2 class=\"hkb-category__title\">\n                    SmartMonitoring                                    <\/h2>\n\n                                    <div class=\"hkb-category__description\">Comprendre et installer la surveillance de l&#039;environnement<\/div>\n                \n                \n                \n            <\/div>\n\n         \n            <\/a>\n                <\/div>                 \n\n    <\/li>\n                <li>\n\n        <div class=\"hkb-category  hkb-category--boxed hkb-category--withdesc hkb-category--style7 hkb-category--withicon hkb-category--290\">\n\n        \n        <a \n            class=\"hkb-category__link\" \n            href=\"https:\/\/docs.kentix.com\/fr\/article-categories\/smartvideo\/\"\n                    >\n        \n                            <div class=\"hkb-category__iconwrap\"><img decoding=\"async\" src=\"https:\/\/docs.kentix.com\/wp-content\/uploads\/2023\/01\/kentix-icon-RGB-rz-vorab_smart-video.svg\" class=\"hkb-category__icon\" alt=\"SmartVideo\" \/><\/div>\n            \n            <div class=\"hkb-category__content\">\n                \n                <h2 class=\"hkb-category__title\">\n                    SmartVideo                                    <\/h2>\n\n                                    <div class=\"hkb-category__description\">Comprendre et installer la vid\u00e9osurveillance<\/div>\n                \n                \n                \n            <\/div>\n\n         \n            <\/a>\n                <\/div>                 \n\n    <\/li>\n                <li>\n\n        <div class=\"hkb-category  hkb-category--boxed hkb-category--withdesc hkb-category--style7 hkb-category--withicon hkb-category--289\">\n\n        \n        <a \n            class=\"hkb-category__link\" \n            href=\"https:\/\/docs.kentix.com\/fr\/article-categories\/smartpdu\/\"\n                    >\n        \n                            <div class=\"hkb-category__iconwrap\"><img decoding=\"async\" src=\"https:\/\/docs.kentix.com\/wp-content\/uploads\/2023\/01\/kentix-icon-RGB-rz-vorab_smart-pdu.svg\" class=\"hkb-category__icon\" alt=\"SmartPDU\" \/><\/div>\n            \n            <div class=\"hkb-category__content\">\n                \n                <h2 class=\"hkb-category__title\">\n                    SmartPDU                                    <\/h2>\n\n                                    <div class=\"hkb-category__description\">Comprendre et installer les syst\u00e8mes de distribution \u00e9lectrique<\/div>\n                \n                \n                \n            <\/div>\n\n         \n            <\/a>\n                <\/div>                 \n\n    <\/li>\n                <li>\n\n        <div class=\"hkb-category  hkb-category--boxed hkb-category--withdesc hkb-category--style7 hkb-category--withicon hkb-category--249\">\n\n        \n        <a \n            class=\"hkb-category__link\" \n            href=\"https:\/\/docs.kentix.com\/fr\/article-categories\/logiciel-kentixone\/\"\n                    >\n        \n                            <div class=\"hkb-category__iconwrap\"><img decoding=\"async\" src=\"https:\/\/docs.kentix.com\/wp-content\/uploads\/2023\/01\/kentix-icon-RGB-rz-vorab_https.svg\" class=\"hkb-category__icon\" alt=\"Logiciel KentixONE\" \/><\/div>\n            \n            <div class=\"hkb-category__content\">\n                \n                <h2 class=\"hkb-category__title\">\n                    Logiciel KentixONE                                    <\/h2>\n\n                                    <div class=\"hkb-category__description\">Manuel du logiciel, guides et notes de mise \u00e0 jour<\/div>\n                \n                \n                \n            <\/div>\n\n         \n            <\/a>\n                <\/div>                 \n\n    <\/li>\n                <li>\n\n        <div class=\"hkb-category  hkb-category--boxed hkb-category--withdesc hkb-category--style7 hkb-category--withicon hkb-category--270\">\n\n        \n        <a \n            class=\"hkb-category__link\" \n            href=\"https:\/\/docs.kentix.com\/fr\/article-categories\/faq-3\/\"\n                    >\n        \n                            <div class=\"hkb-category__iconwrap\"><img decoding=\"async\" src=\"https:\/\/docs.kentix.com\/wp-content\/uploads\/2023\/01\/kentix-icon-RGB-faq.svg\" class=\"hkb-category__icon\" alt=\"FAQ\" \/><\/div>\n            \n            <div class=\"hkb-category__content\">\n                \n                <h2 class=\"hkb-category__title\">\n                    FAQ                                    <\/h2>\n\n                                    <div class=\"hkb-category__description\">Questions et r\u00e9ponses<\/div>\n                \n                \n                \n            <\/div>\n\n         \n            <\/a>\n                <\/div>                 \n\n    <\/li>\n    <\/ul> \n\n<!-- \/.hkb-archive -->\n","protected":false},"excerpt":{"rendered":"","protected":false},"author":1,"featured_media":0,"parent":0,"menu_order":0,"comment_status":"closed","ping_status":"closed","template":"","meta":{"_crdt_document":"{\"document\":\"AAAG+IO2yh8LCwg2kgIABgIBAgpKAB0oAycABAAnAAQAJwAoBCcAKAEnAAcAKAMnACgAJ7MDigNzdGF0ZXZlcnNpb25kb2N1bWVudGRhdGVkb2N1bWVudHNsdWdkb2N1bWVudHN0YXR1c2RvY3VtZW50dGl0bGVNYW51ZWxzIGRlIG1hdMOpcmllbCBLZW50aXhkb2N1bWVudGNvbnRlbnQ8IS0tIHdwOnNob3J0Y29kZSAtLT4KW2tlbnRpeF9hcmNoaXZlX2xpc3RdCjwhLS0gL3dwOnNob3J0Y29kZSAtLT5kb2N1bWVudGV4Y2VycHRkb2N1bWVudGF1dGhvcmRvY3VtZW50ZmVhdHVyZWRfbWVkaWFkb2N1bWVudGNvbW1lbnRfc3RhdHVzZG9jdW1lbnRwaW5nX3N0YXR1c2RvY3VtZW50dGVtcGxhdGVkb2N1bWVudG1ldGFpbmxpbmVfZmVhdHVyZWRfaW1hZ2Vmb290bm90ZXNkb2N1bWVudGJsb2Nrc2NsaWVudElkaXNWYWxpZG9yaWdpbmFsQ29udGVudG5hbWVhdHRyaWJ1dGVzdGV4dGlubmVyQmxvY2tzBQcIBAgECAYIBRoIB4IBCAcIBggOCA4IC0gBBBUJCAYIBw8ECgQLDwEEAAABAAAAAQYAAQEAAAdCAQEAQQAAAkEOARoAfQF3EzIwMjMtMDEtMDZUMTY6NDQ6MTR3Gm1hbnVlbHMtZGUtbWF0ZXJpZWwta2VudGl4dwdwdWJsaXNofQF9AHcGY2xvc2VkdwZjbG9zZWR3AHl3AHckMmIxYzQ1MDQtYmMwNC00OGQ0LTk2NWItYThjYjU5YTUxYTUyeHcVW2tlbnRpeF9hcmNoaXZlX2xpc3Rddw5jb3JlL3Nob3J0Y29kZXcVW2tlbnRpeF9hcmNoaXZlX2xpc3RdAA==\",\"updateId\":556186164}","inline_featured_image":false,"footnotes":""},"class_list":["post-13057","page","type-page","status-publish","hentry"],"_links":{"self":[{"href":"https:\/\/docs.kentix.com\/fr\/wp-json\/wp\/v2\/pages\/13057","targetHints":{"allow":["GET"]}}],"collection":[{"href":"https:\/\/docs.kentix.com\/fr\/wp-json\/wp\/v2\/pages"}],"about":[{"href":"https:\/\/docs.kentix.com\/fr\/wp-json\/wp\/v2\/types\/page"}],"author":[{"embeddable":true,"href":"https:\/\/docs.kentix.com\/fr\/wp-json\/wp\/v2\/users\/1"}],"replies":[{"embeddable":true,"href":"https:\/\/docs.kentix.com\/fr\/wp-json\/wp\/v2\/comments?post=13057"}],"version-history":[{"count":2,"href":"https:\/\/docs.kentix.com\/fr\/wp-json\/wp\/v2\/pages\/13057\/revisions"}],"predecessor-version":[{"id":14054,"href":"https:\/\/docs.kentix.com\/fr\/wp-json\/wp\/v2\/pages\/13057\/revisions\/14054"}],"wp:attachment":[{"href":"https:\/\/docs.kentix.com\/fr\/wp-json\/wp\/v2\/media?parent=13057"}],"curies":[{"name":"wp","href":"https:\/\/api.w.org\/{rel}","templated":true}]}}